{"id":711,"date":"2023-12-15T18:41:43","date_gmt":"2023-12-15T18:41:43","guid":{"rendered":"http:\/\/restaurantnour.se\/events\/"},"modified":"2025-03-21T15:23:43","modified_gmt":"2025-03-21T15:23:43","slug":"events","status":"publish","type":"page","link":"https:\/\/restaurantnour.se\/sv\/events\/","title":{"rendered":"Events"},"content":{"rendered":"<p>Vi erbjuder en unik m\u00f6tesplats i hj\u00e4rtat av Stockholm, n\u00e4ra Stureplan och \u00d6stermalm. Vi har gedigen erfarenhet av att arrangera prestigefyllda evenemang \u2013 fr\u00e5n varum\u00e4rkeslanseringar och f\u00f6retagsfiranden till s\u00e4songens stora sammankomster. Nedan kan du se n\u00e5gra av de evenemang vi har arrangerat. Vill du ta del av ett exempel p\u00e5 v\u00e5rt erbjudande? <a href=\"https:\/\/restaurantnour.se\/wp-content\/uploads\/2025\/03\/CHAMBREMENYER_3-SWE.pdf\" target=\"_blank\" rel=\"noopener\">klicka h\u00e4r.<\/a><\/p>\n","protected":false},"excerpt":{"rendered":"<p>Vi erbjuder en unik m\u00f6tesplats i hj\u00e4rtat av Stockholm, n\u00e4ra Stureplan och \u00d6stermalm. Vi har gedigen erfarenhet av att arrangera prestigefyllda evenemang \u2013 fr\u00e5n varum\u00e4rkeslanseringar och f\u00f6retagsfiranden till s\u00e4songens stora sammankomster. Nedan kan du se n\u00e5gra av de evenemang vi har arrangerat. Vill du ta del av ett exempel p\u00e5 v\u00e5rt erbjudande? klicka h\u00e4r.<\/p>\n","protected":false},"author":1,"featured_media":0,"parent":0,"menu_order":0,"comment_status":"closed","ping_status":"closed","template":"template-events.php","meta":{"_acf_changed":false,"inline_featured_image":false,"footnotes":""},"class_list":["post-711","page","type-page","status-publish","hentry"],"acf":[],"_links":{"self":[{"href":"https:\/\/restaurantnour.se\/sv\/wp-json\/wp\/v2\/pages\/711","targetHints":{"allow":["GET"]}}],"collection":[{"href":"https:\/\/restaurantnour.se\/sv\/wp-json\/wp\/v2\/pages"}],"about":[{"href":"https:\/\/restaurantnour.se\/sv\/wp-json\/wp\/v2\/types\/page"}],"author":[{"embeddable":true,"href":"https:\/\/restaurantnour.se\/sv\/wp-json\/wp\/v2\/users\/1"}],"replies":[{"embeddable":true,"href":"https:\/\/restaurantnour.se\/sv\/wp-json\/wp\/v2\/comments?post=711"}],"version-history":[{"count":1,"href":"https:\/\/restaurantnour.se\/sv\/wp-json\/wp\/v2\/pages\/711\/revisions"}],"predecessor-version":[{"id":1060,"href":"https:\/\/restaurantnour.se\/sv\/wp-json\/wp\/v2\/pages\/711\/revisions\/1060"}],"wp:attachment":[{"href":"https:\/\/restaurantnour.se\/sv\/wp-json\/wp\/v2\/media?parent=711"}],"curies":[{"name":"wp","href":"https:\/\/api.w.org\/{rel}","templated":true}]}}